{"id":29351,"date":"2020-05-25T18:47:02","date_gmt":"2020-05-25T16:47:02","guid":{"rendered":"https:\/\/www.agencebidault.immo\/?page_id=29351"},"modified":"2023-12-05T18:08:16","modified_gmt":"2023-12-05T17:08:16","slug":"actualite-immobilier","status":"publish","type":"page","link":"https:\/\/agencebidault.immo\/?page_id=29351","title":{"rendered":"Actualit\u00e9 Immobilier"},"content":{"rendered":"\t\t<div data-elementor-type=\"wp-page\" data-elementor-id=\"29351\" class=\"elementor elementor-29351\" data-elementor-post-type=\"page\">\n\t\t\t\t\t\t<section class=\"elementor-section elementor-top-section elementor-element elementor-element-60de4fe8 elementor-section-full_width elementor-section-height-default elementor-section-height-default\" data-id=\"60de4fe8\" data-element_type=\"section\" data-e-type=\"section\" data-settings=\"{&quot;background_background&quot;:&quot;classic&quot;}\">\n\t\t\t\t\t\t<div class=\"elementor-container elementor-column-gap-default\">\n\t\t\t\t\t<div class=\"elementor-column elementor-col-50 elementor-top-column elementor-element elementor-element-71f64c32\" data-id=\"71f64c32\" data-element_type=\"column\" data-e-type=\"column\" data-settings=\"{&quot;background_background&quot;:&quot;classic&quot;}\">\n\t\t\t<div class=\"elementor-widget-wrap elementor-element-populated\">\n\t\t\t\t\t\t<div class=\"elementor-element elementor-element-405498bd elementor-widget elementor-widget-heading\" data-id=\"405498bd\" data-element_type=\"widget\" data-e-type=\"widget\" data-widget_type=\"heading.default\">\n\t\t\t\t<div class=\"elementor-widget-container\">\n\t\t\t\t\t<h1 class=\"elementor-heading-title elementor-size-default\">Notre<br>Actualit\u00e9<br>Immobilier<br><br><br><\/h1>\t\t\t\t<\/div>\n\t\t\t\t<\/div>\n\t\t\t\t\t<\/div>\n\t\t<\/div>\n\t\t\t\t<div class=\"elementor-column elementor-col-50 elementor-top-column elementor-element elementor-element-4e298bc8\" data-id=\"4e298bc8\" data-element_type=\"column\" data-e-type=\"column\" data-settings=\"{&quot;background_background&quot;:&quot;classic&quot;}\">\n\t\t\t<div class=\"elementor-widget-wrap elementor-element-populated\">\n\t\t\t\t\t\t<div class=\"elementor-element elementor-element-59a341a7 elementor-widget elementor-widget-spacer\" data-id=\"59a341a7\" data-element_type=\"widget\" data-e-type=\"widget\" data-widget_type=\"spacer.default\">\n\t\t\t\t<div class=\"elementor-widget-container\">\n\t\t\t\t\t\t\t<div class=\"elementor-spacer\">\n\t\t\t<div class=\"elementor-spacer-inner\"><\/div>\n\t\t<\/div>\n\t\t\t\t\t\t<\/div>\n\t\t\t\t<\/div>\n\t\t\t\t\t<\/div>\n\t\t<\/div>\n\t\t\t\t\t<\/div>\n\t\t<\/section>\n\t\t\t\t<section class=\"elementor-section elementor-top-section elementor-element elementor-element-310f3bd elementor-section-boxed elementor-section-height-default elementor-section-height-default\" data-id=\"310f3bd\" data-element_type=\"section\" data-e-type=\"section\">\n\t\t\t\t\t\t<div class=\"elementor-container elementor-column-gap-default\">\n\t\t\t\t\t<div class=\"elementor-column elementor-col-100 elementor-top-column elementor-element elementor-element-fcdf200\" data-id=\"fcdf200\" data-element_type=\"column\" data-e-type=\"column\">\n\t\t\t<div class=\"elementor-widget-wrap elementor-element-populated\">\n\t\t\t\t\t\t<div class=\"elementor-element elementor-element-f3a1b07 elementor-widget elementor-widget-heading\" data-id=\"f3a1b07\" data-element_type=\"widget\" data-e-type=\"widget\" data-widget_type=\"heading.default\">\n\t\t\t\t<div class=\"elementor-widget-container\">\n\t\t\t\t\t<h2 class=\"elementor-heading-title elementor-size-default\">Suivez notre actualit\u00e9 sur les r\u00e9seaux sociaux<\/h2>\t\t\t\t<\/div>\n\t\t\t\t<\/div>\n\t\t\t\t<div class=\"elementor-element elementor-element-b5dcfa6 elementor-shape-rounded elementor-grid-0 e-grid-align-center elementor-widget elementor-widget-social-icons\" data-id=\"b5dcfa6\" data-element_type=\"widget\" data-e-type=\"widget\" data-widget_type=\"social-icons.default\">\n\t\t\t\t<div class=\"elementor-widget-container\">\n\t\t\t\t\t\t\t<div class=\"elementor-social-icons-wrapper elementor-grid\" role=\"list\">\n\t\t\t\t\t\t\t<span class=\"elementor-grid-item\" role=\"listitem\">\n\t\t\t\t\t<a class=\"elementor-icon elementor-social-icon elementor-social-icon-facebook elementor-repeater-item-17e0f11\" href=\"https:\/\/www.facebook.com\/agencebidaultimmobilier\" target=\"_blank\" rel=\"noopener\">\n\t\t\t\t\t\t<span class=\"elementor-screen-only\">Facebook<\/span>\n\t\t\t\t\t\t<i aria-hidden=\"true\" class=\"fab fa-facebook\"><\/i>\t\t\t\t\t<\/a>\n\t\t\t\t<\/span>\n\t\t\t\t\t\t\t<span class=\"elementor-grid-item\" role=\"listitem\">\n\t\t\t\t\t<a class=\"elementor-icon elementor-social-icon elementor-social-icon-youtube elementor-repeater-item-6b8771e\" href=\"https:\/\/www.youtube.com\/watch?v=Fs6nnJjQgOU\" target=\"_blank\" rel=\"noopener\">\n\t\t\t\t\t\t<span class=\"elementor-screen-only\">Youtube<\/span>\n\t\t\t\t\t\t<i aria-hidden=\"true\" class=\"fab fa-youtube\"><\/i>\t\t\t\t\t<\/a>\n\t\t\t\t<\/span>\n\t\t\t\t\t\t\t<span class=\"elementor-grid-item\" role=\"listitem\">\n\t\t\t\t\t<a class=\"elementor-icon elementor-social-icon elementor-social-icon-vimeo elementor-repeater-item-f8e05f5\" href=\"https:\/\/vimeo.com\/user125744314\" target=\"_blank\" rel=\"noopener\">\n\t\t\t\t\t\t<span class=\"elementor-screen-only\">Vimeo<\/span>\n\t\t\t\t\t\t<i aria-hidden=\"true\" class=\"fab fa-vimeo\"><\/i>\t\t\t\t\t<\/a>\n\t\t\t\t<\/span>\n\t\t\t\t\t<\/div>\n\t\t\t\t\t\t<\/div>\n\t\t\t\t<\/div>\n\t\t\t\t\t<\/div>\n\t\t<\/div>\n\t\t\t\t\t<\/div>\n\t\t<\/section>\n\t\t\t\t<section class=\"elementor-section elementor-top-section elementor-element elementor-element-3b5641f elementor-section-boxed elementor-section-height-default elementor-section-height-default\" data-id=\"3b5641f\" data-element_type=\"section\" data-e-type=\"section\">\n\t\t\t\t\t\t<div class=\"elementor-container elementor-column-gap-default\">\n\t\t\t\t\t<div class=\"elementor-column elementor-col-50 elementor-top-column elementor-element elementor-element-987c4fc\" data-id=\"987c4fc\" data-element_type=\"column\" data-e-type=\"column\">\n\t\t\t<div class=\"elementor-widget-wrap elementor-element-populated\">\n\t\t\t\t\t\t<div class=\"elementor-element elementor-element-4dff8c6 elementor-widget elementor-widget-facebook-page\" data-id=\"4dff8c6\" data-element_type=\"widget\" data-e-type=\"widget\" data-widget_type=\"facebook-page.default\">\n\t\t\t\t<div class=\"elementor-widget-container\">\n\t\t\t\t\t<div class=\"elementor-facebook-widget fb-page\" data-href=\"https:\/\/www.facebook.com\/agencebidaultimmobilier\" data-tabs=\"timeline\" data-height=\"500px\" data-width=\"500px\" data-small-header=\"false\" data-hide-cover=\"false\" data-show-facepile=\"true\" data-hide-cta=\"false\" style=\"min-height: 1px;height:500px\"><\/div>\t\t\t\t<\/div>\n\t\t\t\t<\/div>\n\t\t\t\t\t<\/div>\n\t\t<\/div>\n\t\t\t\t<div class=\"elementor-column elementor-col-50 elementor-top-column elementor-element elementor-element-015b216\" data-id=\"015b216\" data-element_type=\"column\" data-e-type=\"column\">\n\t\t\t<div class=\"elementor-widget-wrap elementor-element-populated\">\n\t\t\t\t\t\t<div class=\"elementor-element elementor-element-34bcb92 elementor-widget elementor-widget-video\" data-id=\"34bcb92\" data-element_type=\"widget\" data-e-type=\"widget\" data-settings=\"{&quot;video_type&quot;:&quot;vimeo&quot;}\" data-widget_type=\"video.default\">\n\t\t\t\t<div class=\"elementor-widget-container\">\n\t\t\t\t\t\t\t<div class=\"elementor-wrapper elementor-open-inline\">\n\t\t\t<iframe class=\"elementor-video-iframe\" allowfullscreen allow=\"clipboard-write\" title=\"Lecteur vid\u00e9o vimeo\" src=\"https:\/\/player.vimeo.com\/video\/476603516?color&amp;autopause=0&amp;loop=0&amp;muted=0&amp;title=1&amp;portrait=1&amp;byline=1#t=\"><\/iframe>\t\t<\/div>\n\t\t\t\t\t\t<\/div>\n\t\t\t\t<\/div>\n\t\t\t\t\t<\/div>\n\t\t<\/div>\n\t\t\t\t\t<\/div>\n\t\t<\/section>\n\t\t\t\t<section class=\"elementor-section elementor-top-section elementor-element elementor-element-54d51e7 elementor-section-boxed elementor-section-height-default elementor-section-height-default\" data-id=\"54d51e7\" data-element_type=\"section\" data-e-type=\"section\">\n\t\t\t\t\t\t<div class=\"elementor-container elementor-column-gap-default\">\n\t\t\t\t\t<div class=\"elementor-column elementor-col-100 elementor-top-column elementor-element elementor-element-8c51527\" data-id=\"8c51527\" data-element_type=\"column\" data-e-type=\"column\">\n\t\t\t<div class=\"elementor-widget-wrap elementor-element-populated\">\n\t\t\t\t\t\t<div class=\"elementor-element elementor-element-8123e6b elementor-widget elementor-widget-heading\" data-id=\"8123e6b\" data-element_type=\"widget\" data-e-type=\"widget\" data-widget_type=\"heading.default\">\n\t\t\t\t<div class=\"elementor-widget-container\">\n\t\t\t\t\t<h2 class=\"elementor-heading-title elementor-size-default\">D\u00e9couvrez nos derniers articles<\/h2>\t\t\t\t<\/div>\n\t\t\t\t<\/div>\n\t\t\t\t\t<\/div>\n\t\t<\/div>\n\t\t\t\t\t<\/div>\n\t\t<\/section>\n\t\t\t\t<section class=\"elementor-section elementor-top-section elementor-element elementor-element-80b78ac elementor-section-boxed elementor-section-height-default elementor-section-height-default\" data-id=\"80b78ac\" data-element_type=\"section\" data-e-type=\"section\">\n\t\t\t\t\t\t<div class=\"elementor-container elementor-column-gap-default\">\n\t\t\t\t\t<div class=\"elementor-column elementor-col-100 elementor-top-column elementor-element elementor-element-09eab2f\" data-id=\"09eab2f\" data-element_type=\"column\" data-e-type=\"column\">\n\t\t\t<div class=\"elementor-widget-wrap elementor-element-populated\">\n\t\t\t\t\t\t<div class=\"elementor-element elementor-element-0b3f91d elementor-grid-3 elementor-grid-tablet-2 elementor-grid-mobile-1 elementor-posts--thumbnail-top elementor-widget elementor-widget-posts\" data-id=\"0b3f91d\" data-element_type=\"widget\" data-e-type=\"widget\" data-settings=\"{&quot;classic_columns&quot;:&quot;3&quot;,&quot;classic_columns_tablet&quot;:&quot;2&quot;,&quot;classic_columns_mobile&quot;:&quot;1&quot;,&quot;classic_row_gap&quot;:{&quot;unit&quot;:&quot;px&quot;,&quot;size&quot;:35,&quot;sizes&quot;:[]},&quot;classic_row_gap_tablet&quot;:{&quot;unit&quot;:&quot;px&quot;,&quot;size&quot;:&quot;&quot;,&quot;sizes&quot;:[]},&quot;classic_row_gap_mobile&quot;:{&quot;unit&quot;:&quot;px&quot;,&quot;size&quot;:&quot;&quot;,&quot;sizes&quot;:[]}}\" data-widget_type=\"posts.classic\">\n\t\t\t\t<div class=\"elementor-widget-container\">\n\t\t\t\t\t\t\t<div class=\"elementor-posts-container elementor-posts elementor-posts--skin-classic elementor-grid\" role=\"list\">\n\t\t\t\t<article class=\"elementor-post elementor-grid-item post-29662 post type-post status-publish format-standard has-post-thumbnail hentry category-immobilier\" role=\"listitem\">\n\t\t\t\t<a class=\"elementor-post__thumbnail__link\" href=\"https:\/\/agencebidault.immo\/?p=29662\" tabindex=\"-1\">\n\t\t\t<div class=\"elementor-post__thumbnail\"><img fetchpriority=\"high\" decoding=\"async\" width=\"300\" height=\"200\" src=\"https:\/\/agencebidault.immo\/wp-content\/uploads\/2020\/05\/jonchere3-300x200.jpg\" class=\"attachment-medium size-medium wp-image-29665\" alt=\"\" srcset=\"https:\/\/agencebidault.immo\/wp-content\/uploads\/2020\/05\/jonchere3-300x200.jpg 300w, https:\/\/agencebidault.immo\/wp-content\/uploads\/2020\/05\/jonchere3-768x512.jpg 768w, https:\/\/agencebidault.immo\/wp-content\/uploads\/2020\/05\/jonchere3-150x100.jpg 150w, https:\/\/agencebidault.immo\/wp-content\/uploads\/2020\/05\/jonchere3-488x326.jpg 488w, https:\/\/agencebidault.immo\/wp-content\/uploads\/2020\/05\/jonchere3.jpg 1000w\" sizes=\"(max-width: 300px) 100vw, 300px\" \/><\/div>\n\t\t<\/a>\n\t\t\t\t<div class=\"elementor-post__text\">\n\t\t\t\t<h3 class=\"elementor-post__title\">\n\t\t\t<a href=\"https:\/\/agencebidault.immo\/?p=29662\">\n\t\t\t\tLa R\u00e9sidence Elys\u00e9e 2\t\t\t<\/a>\n\t\t<\/h3>\n\t\t\t\t<div class=\"elementor-post__meta-data\">\n\t\t\t\t\t<span class=\"elementor-post-date\">\n\t\t\t15 mars 2022\t\t<\/span>\n\t\t\t\t<span class=\"elementor-post-avatar\">\n\t\t\tAucun commentaire\t\t<\/span>\n\t\t\t\t<\/div>\n\t\t\t\t<div class=\"elementor-post__excerpt\">\n\t\t\t<p>La R\u00e9sidence Elys\u00e9e 2&#8230;A vos c\u00f4t\u00e9s !\u00a0 Construite sur un terrain bois\u00e9 de 12 hectares, situ\u00e9 au sommet d\u2019une colline dominant la Seine, Elys\u00e9e 2 abrite environ 4 500 habitants dans 1450 logements, et plus d\u2019une centaine d\u2019arbres, dont plusieurs centenaires. Le promoteur Robert Zellinger de Balkany d\u00e9couvre aux Etats-unis<\/p>\n\t\t<\/div>\n\t\t\n\t\t<a class=\"elementor-post__read-more\" href=\"https:\/\/agencebidault.immo\/?p=29662\" aria-label=\"En savoir plus sur La R\u00e9sidence Elys\u00e9e 2\" tabindex=\"-1\">\n\t\t\tLire la suite \u00bb\t\t<\/a>\n\n\t\t\t\t<\/div>\n\t\t\t\t<\/article>\n\t\t\t\t<article class=\"elementor-post elementor-grid-item post-30675 post type-post status-publish format-standard has-post-thumbnail hentry category-immobilier\" role=\"listitem\">\n\t\t\t\t<a class=\"elementor-post__thumbnail__link\" href=\"https:\/\/agencebidault.immo\/?p=30675\" tabindex=\"-1\">\n\t\t\t<div class=\"elementor-post__thumbnail\"><img decoding=\"async\" width=\"300\" height=\"145\" src=\"https:\/\/agencebidault.immo\/wp-content\/uploads\/2020\/06\/Guide-300x145.jpg\" class=\"attachment-medium size-medium wp-image-30073\" alt=\"Le Home Staging Virtuel\" srcset=\"https:\/\/agencebidault.immo\/wp-content\/uploads\/2020\/06\/Guide-300x145.jpg 300w, https:\/\/agencebidault.immo\/wp-content\/uploads\/2020\/06\/Guide-1024x494.jpg 1024w, https:\/\/agencebidault.immo\/wp-content\/uploads\/2020\/06\/Guide-768x371.jpg 768w, https:\/\/agencebidault.immo\/wp-content\/uploads\/2020\/06\/Guide-150x72.jpg 150w, https:\/\/agencebidault.immo\/wp-content\/uploads\/2020\/06\/Guide.jpg 1200w\" sizes=\"(max-width: 300px) 100vw, 300px\" \/><\/div>\n\t\t<\/a>\n\t\t\t\t<div class=\"elementor-post__text\">\n\t\t\t\t<h3 class=\"elementor-post__title\">\n\t\t\t<a href=\"https:\/\/agencebidault.immo\/?p=30675\">\n\t\t\t\tLe Home Staging Virtuel\t\t\t<\/a>\n\t\t<\/h3>\n\t\t\t\t<div class=\"elementor-post__meta-data\">\n\t\t\t\t\t<span class=\"elementor-post-date\">\n\t\t\t1 mars 2022\t\t<\/span>\n\t\t\t\t<span class=\"elementor-post-avatar\">\n\t\t\tAucun commentaire\t\t<\/span>\n\t\t\t\t<\/div>\n\t\t\t\t<div class=\"elementor-post__excerpt\">\n\t\t\t<p>Le Home Staging Virtuel&#8230; Vendre un appartement ou une maison vide est toujours plus difficile et l&#8217;on observe g\u00e9n\u00e9ralement des d\u00e9lais de vente plus long. La remarque r\u00e9currente des futurs acqu\u00e9reurs est qu&#8217;il ont du mal \u00e0 visualiser les espaces et se projeter dans un bien immobilier vide. Pour vous<\/p>\n\t\t<\/div>\n\t\t\n\t\t<a class=\"elementor-post__read-more\" href=\"https:\/\/agencebidault.immo\/?p=30675\" aria-label=\"En savoir plus sur Le Home Staging Virtuel\" tabindex=\"-1\">\n\t\t\tLire la suite \u00bb\t\t<\/a>\n\n\t\t\t\t<\/div>\n\t\t\t\t<\/article>\n\t\t\t\t<article class=\"elementor-post elementor-grid-item post-31689 post type-post status-publish format-standard has-post-thumbnail hentry category-immobilier\" role=\"listitem\">\n\t\t\t\t<a class=\"elementor-post__thumbnail__link\" href=\"https:\/\/agencebidault.immo\/?p=31689\" tabindex=\"-1\">\n\t\t\t<div class=\"elementor-post__thumbnail\"><img decoding=\"async\" width=\"300\" height=\"170\" src=\"https:\/\/agencebidault.immo\/wp-content\/uploads\/2021\/03\/les-crite\u0300res-300x170.jpg\" class=\"attachment-medium size-medium wp-image-31690\" alt=\"\" srcset=\"https:\/\/agencebidault.immo\/wp-content\/uploads\/2021\/03\/les-crite\u0300res-300x170.jpg 300w, https:\/\/agencebidault.immo\/wp-content\/uploads\/2021\/03\/les-crite\u0300res-1024x580.jpg 1024w, https:\/\/agencebidault.immo\/wp-content\/uploads\/2021\/03\/les-crite\u0300res-768x435.jpg 768w, https:\/\/agencebidault.immo\/wp-content\/uploads\/2021\/03\/les-crite\u0300res-150x85.jpg 150w, https:\/\/agencebidault.immo\/wp-content\/uploads\/2021\/03\/les-crite\u0300res.jpg 1200w\" sizes=\"(max-width: 300px) 100vw, 300px\" \/><\/div>\n\t\t<\/a>\n\t\t\t\t<div class=\"elementor-post__text\">\n\t\t\t\t<h3 class=\"elementor-post__title\">\n\t\t\t<a href=\"https:\/\/agencebidault.immo\/?p=31689\">\n\t\t\t\tLes crit\u00e8res pour acheter un appartement\t\t\t<\/a>\n\t\t<\/h3>\n\t\t\t\t<div class=\"elementor-post__meta-data\">\n\t\t\t\t\t<span class=\"elementor-post-date\">\n\t\t\t1 f\u00e9vrier 2022\t\t<\/span>\n\t\t\t\t<span class=\"elementor-post-avatar\">\n\t\t\tAucun commentaire\t\t<\/span>\n\t\t\t\t<\/div>\n\t\t\t\t<div class=\"elementor-post__excerpt\">\n\t\t\t<p>Les acheteurs en qu\u00eate d\u2019un appartement ont souvent une longue liste de\u00a0crit\u00e8res\u00a0en t\u00eate. De la localisation\u00a0\u00e0\u00a0la surface en passant par le\u00a0crit\u00e8re\u00a0principal du prix, la liste est longue. Faisons le point sur ces\u00a0crit\u00e8res\u00a0pour acheter un appartement. Avoir une vue d\u00e9gag\u00e9e, vivre au dernier\u00a0\u00e9tage, avoir une terrasse ou une place de parking\u2026\u00a0les\u00a0crit\u00e8res\u00a0pour<\/p>\n\t\t<\/div>\n\t\t\n\t\t<a class=\"elementor-post__read-more\" href=\"https:\/\/agencebidault.immo\/?p=31689\" aria-label=\"En savoir plus sur Les crit\u00e8res pour acheter un appartement\" tabindex=\"-1\">\n\t\t\tLire la suite \u00bb\t\t<\/a>\n\n\t\t\t\t<\/div>\n\t\t\t\t<\/article>\n\t\t\t\t<article class=\"elementor-post elementor-grid-item post-31738 post type-post status-publish format-standard has-post-thumbnail hentry category-immobilier\" role=\"listitem\">\n\t\t\t\t<a class=\"elementor-post__thumbnail__link\" href=\"https:\/\/agencebidault.immo\/?p=31738\" tabindex=\"-1\">\n\t\t\t<div class=\"elementor-post__thumbnail\"><img loading=\"lazy\" decoding=\"async\" width=\"300\" height=\"138\" src=\"https:\/\/agencebidault.immo\/wp-content\/uploads\/2021\/03\/Digital-300x138.jpg\" class=\"attachment-medium size-medium wp-image-31744\" alt=\"\" srcset=\"https:\/\/agencebidault.immo\/wp-content\/uploads\/2021\/03\/Digital-300x138.jpg 300w, https:\/\/agencebidault.immo\/wp-content\/uploads\/2021\/03\/Digital-768x352.jpg 768w, https:\/\/agencebidault.immo\/wp-content\/uploads\/2021\/03\/Digital-150x69.jpg 150w, https:\/\/agencebidault.immo\/wp-content\/uploads\/2021\/03\/Digital.jpg 840w\" sizes=\"(max-width: 300px) 100vw, 300px\" \/><\/div>\n\t\t<\/a>\n\t\t\t\t<div class=\"elementor-post__text\">\n\t\t\t\t<h3 class=\"elementor-post__title\">\n\t\t\t<a href=\"https:\/\/agencebidault.immo\/?p=31738\">\n\t\t\t\tLe Digital au service de l&#8217;Immobilier\t\t\t<\/a>\n\t\t<\/h3>\n\t\t\t\t<div class=\"elementor-post__meta-data\">\n\t\t\t\t\t<span class=\"elementor-post-date\">\n\t\t\t15 janvier 2022\t\t<\/span>\n\t\t\t\t<span class=\"elementor-post-avatar\">\n\t\t\tAucun commentaire\t\t<\/span>\n\t\t\t\t<\/div>\n\t\t\t\t<div class=\"elementor-post__excerpt\">\n\t\t\t<p>Nous vous accompagnons dans vos projets immobiliers gr\u00e2ce \u00e0 nos outils digitaux&#8230; L&#8217;Agence Bidault Immobilier met \u00e0 votre disposition \u00a0diff\u00e9rents services digitaux innovants. Chaque projet immobilier est diff\u00e9rent, nous \u00e9laborons ensemble la meilleure la strat\u00e9gie digitale pour mettre en valeur votre bien immobilier. Nos Outils Digitaux&#8230; 1 &#8211; La Vid\u00e9o<\/p>\n\t\t<\/div>\n\t\t\n\t\t<a class=\"elementor-post__read-more\" href=\"https:\/\/agencebidault.immo\/?p=31738\" aria-label=\"En savoir plus sur Le Digital au service de l&#8217;Immobilier\" tabindex=\"-1\">\n\t\t\tLire la suite \u00bb\t\t<\/a>\n\n\t\t\t\t<\/div>\n\t\t\t\t<\/article>\n\t\t\t\t<article class=\"elementor-post elementor-grid-item post-1 post type-post status-publish format-standard has-post-thumbnail hentry category-immobilier\" role=\"listitem\">\n\t\t\t\t<a class=\"elementor-post__thumbnail__link\" href=\"https:\/\/agencebidault.immo\/?p=1\" tabindex=\"-1\">\n\t\t\t<div class=\"elementor-post__thumbnail\"><img loading=\"lazy\" decoding=\"async\" width=\"300\" height=\"200\" src=\"https:\/\/agencebidault.immo\/wp-content\/uploads\/2020\/05\/1-300x200.jpg\" class=\"attachment-medium size-medium wp-image-29298\" alt=\"\" srcset=\"https:\/\/agencebidault.immo\/wp-content\/uploads\/2020\/05\/1-300x200.jpg 300w, https:\/\/agencebidault.immo\/wp-content\/uploads\/2020\/05\/1-1024x683.jpg 1024w, https:\/\/agencebidault.immo\/wp-content\/uploads\/2020\/05\/1-768x512.jpg 768w, https:\/\/agencebidault.immo\/wp-content\/uploads\/2020\/05\/1-150x100.jpg 150w, https:\/\/agencebidault.immo\/wp-content\/uploads\/2020\/05\/1-488x326.jpg 488w, https:\/\/agencebidault.immo\/wp-content\/uploads\/2020\/05\/1.jpg 1080w\" sizes=\"(max-width: 300px) 100vw, 300px\" \/><\/div>\n\t\t<\/a>\n\t\t\t\t<div class=\"elementor-post__text\">\n\t\t\t\t<h3 class=\"elementor-post__title\">\n\t\t\t<a href=\"https:\/\/agencebidault.immo\/?p=1\">\n\t\t\t\tLe March\u00e9 Evolue\t\t\t<\/a>\n\t\t<\/h3>\n\t\t\t\t<div class=\"elementor-post__meta-data\">\n\t\t\t\t\t<span class=\"elementor-post-date\">\n\t\t\t1 juillet 2021\t\t<\/span>\n\t\t\t\t<span class=\"elementor-post-avatar\">\n\t\t\tAucun commentaire\t\t<\/span>\n\t\t\t\t<\/div>\n\t\t\t\t<div class=\"elementor-post__excerpt\">\n\t\t\t<p>Le March\u00e9 Evolue&#8230;dans l&#8217;Ouest Parisien Qui n&#8217;a pas r\u00eav\u00e9 pas d\u2019avoir un espace ext\u00e9rieur pour son appartement ou de vivre en maison et profiter d&#8217;un grand jardin ? Il est important de souligner que la terrasse ou le balcon ont permis \u00e0 des millions de citadins de rendre le confinement<\/p>\n\t\t<\/div>\n\t\t\n\t\t<a class=\"elementor-post__read-more\" href=\"https:\/\/agencebidault.immo\/?p=1\" aria-label=\"En savoir plus sur Le March\u00e9 Evolue\" tabindex=\"-1\">\n\t\t\tLire la suite \u00bb\t\t<\/a>\n\n\t\t\t\t<\/div>\n\t\t\t\t<\/article>\n\t\t\t\t<\/div>\n\t\t\n\t\t\t\t\t\t<\/div>\n\t\t\t\t<\/div>\n\t\t\t\t\t<\/div>\n\t\t<\/div>\n\t\t\t\t\t<\/div>\n\t\t<\/section>\n\t\t\t\t<\/div>\n\t\t","protected":false},"excerpt":{"rendered":"<p>NotreActualit\u00e9Immobilier Suivez notre actualit\u00e9 sur les r\u00e9seaux sociaux Facebook Youtube Vimeo D\u00e9couvrez nos derniers articles<\/p>\n","protected":false},"author":1,"featured_media":0,"parent":0,"menu_order":0,"comment_status":"closed","ping_status":"closed","template":"templates\/home.php","meta":{"_monsterinsights_skip_tracking":false,"_monsterinsights_sitenote_active":false,"_monsterinsights_sitenote_note":"","_monsterinsights_sitenote_category":0,"footnotes":""},"class_list":["post-29351","page","type-page","status-publish","hentry"],"_links":{"self":[{"href":"https:\/\/agencebidault.immo\/index.php?rest_route=\/wp\/v2\/pages\/29351","targetHints":{"allow":["GET"]}}],"collection":[{"href":"https:\/\/agencebidault.immo\/index.php?rest_route=\/wp\/v2\/pages"}],"about":[{"href":"https:\/\/agencebidault.immo\/index.php?rest_route=\/wp\/v2\/types\/page"}],"author":[{"embeddable":true,"href":"https:\/\/agencebidault.immo\/index.php?rest_route=\/wp\/v2\/users\/1"}],"replies":[{"embeddable":true,"href":"https:\/\/agencebidault.immo\/index.php?rest_route=%2Fwp%2Fv2%2Fcomments&post=29351"}],"version-history":[{"count":36,"href":"https:\/\/agencebidault.immo\/index.php?rest_route=\/wp\/v2\/pages\/29351\/revisions"}],"predecessor-version":[{"id":42605,"href":"https:\/\/agencebidault.immo\/index.php?rest_route=\/wp\/v2\/pages\/29351\/revisions\/42605"}],"wp:attachment":[{"href":"https:\/\/agencebidault.immo\/index.php?rest_route=%2Fwp%2Fv2%2Fmedia&parent=29351"}],"curies":[{"name":"wp","href":"https:\/\/api.w.org\/{rel}","templated":true}]}}